{"id":174,"date":"2022-10-25T09:13:28","date_gmt":"2022-10-25T07:13:28","guid":{"rendered":"https:\/\/franksaez.immo\/?page_id=174"},"modified":"2026-02-24T10:58:19","modified_gmt":"2026-02-24T09:58:19","slug":"tarifs-psychologue-montauban","status":"publish","type":"page","link":"https:\/\/franklepsy.fr\/?page_id=174","title":{"rendered":"Tarifs"},"content":{"rendered":"<div data-colibri-id=\"174-c1\" class=\"style-408 style-local-174-c1 position-relative\">\n  <!---->\n  <div data-colibri-component=\"section\" data-colibri-id=\"174-c2\" id=\"about\" class=\"h-section h-section-global-spacing d-flex align-items-lg-center align-items-md-center align-items-center style-413 style-local-174-c2 position-relative\">\n    <!---->\n    <!---->\n    <div class=\"h-section-grid-container h-section-boxed-container\">\n      <!---->\n      <div data-colibri-id=\"174-c3\" class=\"h-row-container gutters-row-lg-2 gutters-row-md-2 gutters-row-2 gutters-row-v-lg-2 gutters-row-v-md-2 gutters-row-v-2 style-414 style-local-174-c3 position-relative\">\n        <!---->\n        <div class=\"h-row justify-content-lg-center justify-content-md-center justify-content-center align-items-lg-stretch align-items-md-stretch align-items-stretch gutters-col-lg-2 gutters-col-md-2 gutters-col-2 gutters-col-v-lg-2 gutters-col-v-md-2 gutters-col-v-2\">\n          <!---->\n          <div class=\"h-column h-column-container d-flex h-col-lg-auto h-col-md-auto h-col-auto style-415-outer style-local-174-c4-outer\">\n            <div data-colibri-id=\"174-c4\" class=\"d-flex h-flex-basis h-column__inner h-px-lg-2 h-px-md-2 h-px-2 v-inner-lg-2 v-inner-md-2 v-inner-2 style-415 style-local-174-c4 position-relative\">\n              <!---->\n              <!---->\n              <div class=\"w-100 h-y-container h-column__content h-column__v-align flex-basis-100 align-self-lg-center align-self-md-center align-self-center\">\n                <!---->\n                <div data-colibri-id=\"174-c5\" class=\"h-global-transition-all h-heading style-416 style-local-174-c5 position-relative h-element\">\n                  <!---->\n                  <div class=\"h-heading__outer style-416 style-local-174-c5\">\n                    <!---->\n                    <!---->\n                    <h5 class=\"\">Les tarifs<\/h5>\n                  <\/div>\n                <\/div>\n                <div data-colibri-id=\"174-c6\" class=\"h-global-transition-all h-heading style-417 style-local-174-c6 position-relative h-element\">\n                  <!---->\n                  <div class=\"h-heading__outer style-417 style-local-174-c6\">\n                    <!---->\n                    <!---->\n                    <h2 class=\"\">Tarifs des diff\u00e9rentes consultations :<\/h2>\n                  <\/div>\n                <\/div>\n                <div data-colibri-id=\"174-c7\" class=\"h-text h-text-component style-418 style-local-174-c7 position-relative h-element\">\n                  <!---->\n                  <!---->\n                  <div class=\"\">\n                    <p>&nbsp;Les consultations individuelles ont une dur\u00e9e de 50 min.<\/p>\n                    <p>Les consultations group\u00e9es (th\u00e9rapie de groupe) ont une dur\u00e9e variable en fonction du nombre de participants.(Minimum 1h).<\/p>\n                    <ul>\n                      <li>En cabinet :&#8230;&#8230;&#8230;&#8230;&#8230;&#8230;&#8230;&#8230;&#8230;.50\u20ac<\/li>\n                      <li>T\u00e9l\u00e9consultation :&#8230;&#8230;&#8230;&#8230;&#8230;.50\u20ac<\/li>\n                      <li>\u00c0 domicile. :&#8230;&#8230;&#8230;&#8230;&#8230;&#8230;&#8230;&#8230;&#8230;65\u20ac (rayon 20km max de Nohic)<\/li>\n                      <li>Groupe :&#8230;&#8230;&#8230;&#8230;&#8230;&#8230;&#8230;&#8230;&#8230;&#8230;&#8230;..40\u20ac\/pers<\/li>\n                      <li>Urgence psy** &#8230;&#8230;&#8230;&#8230;&#8230;&#8230;&#8230;.80\u20ac (Crise d&rsquo;angoisse s\u00e9v\u00e8re, T\u00e9tanie, Crise de Phobie etc&#8230;n\u00e9cessitant ma pr\u00e9sence dans l&rsquo;urgence).<\/li>\n                    <\/ul>\n                    <p>&nbsp;&nbsp;Paiements accept\u00e9s : Ch\u00e8ques, Esp\u00e8ces, CB.<\/p>\n                    <p>&#8212;&#8212;&#8212;&#8212;&#8212;&#8212;&#8212;&#8212;&#8212;&#8212;&#8212;&#8212;&#8212;&#8212;&#8212;&#8212;&#8212;&#8212;&#8212;&#8212;&#8212;&#8212;&#8212;&#8212;&#8212;&#8211;<\/p>\n                    <p>IMPORTANT : Je rappelle ici \u00e0 toutes fins utiles que les consultations en psychanalyse ne sont pas rembours\u00e9es en France.<\/p>\n                    <p>Si des difficult\u00e9 financi\u00e8res vous emp\u00eachent de consulter, contactez moi directement au : 06 52 25 51 16 et parlons-en sans jugement ni tabou.<\/p>\n                    <p><span style=\"color: rgb(128, 130, 130); font-family: Quicksand; font-size: 15px; font-weight: 500;\"> <\/span><\/p>\n                    <p>**Ne se substitue en aucun cas \u00e0 une urgence m\u00e9dicale. Si vous avez le moindre doute quant \u00e0 votre \u00e9tat, contactez le 115.<\/p>\n                    <p>\n                      <br>\n                    <\/p>\n                  <\/div>\n                <\/div>\n                <div data-colibri-id=\"174-c8\" class=\"h-x-container style-419 style-local-174-c8 position-relative h-element\">\n                  <!---->\n                  <div class=\"h-x-container-inner style-dynamic-174-c8-group style-419-spacing style-local-174-c8-spacing\"><span class=\"h-button__outer style-423-outer style-local-174-c9-outer d-inline-flex h-element\"><a h-use-smooth-scroll=\"true\" href=\"https:\/\/franklepsy.fr\/?page_id=1007\"  data-colibri-id=\"174-c9\" class=\"d-flex w-100 align-items-center h-button justify-content-lg-center justify-content-md-center justify-content-center style-423 style-local-174-c9 position-relative\"><!----><!----> <span> Rendez-vous, cliquez ici<\/span><\/a>\n                    <\/span>\n                  <\/div>\n                <\/div>\n              <\/div>\n            <\/div>\n          <\/div>\n          <div class=\"h-column h-column-container d-flex h-col-lg-auto h-col-md-auto h-col-auto style-421-outer style-local-174-c10-outer\">\n            <div data-colibri-id=\"174-c10\" class=\"d-flex h-flex-basis h-column__inner h-px-lg-2 h-px-md-2 h-px-2 v-inner-lg-2 v-inner-md-2 v-inner-2 style-421 style-local-174-c10 position-relative\">\n              <!---->\n              <!---->\n              <div class=\"w-100 h-y-container h-column__content h-column__v-align flex-basis-100 align-self-lg-center align-self-md-center align-self-center\">\n                <!---->\n                <div data-colibri-id=\"174-c11\" class=\"d-block style-422 style-local-174-c11 position-relative h-element\">\n                  <!---->\n                  <div class=\"h-image__frame-container-outer\">\n                    <div class=\"h-image__frame-container\">\n                      <!---->\n                      <!---->\n                      <img loading=\"lazy\" decoding=\"async\" width=\"626\" height=\"626\" src=\"https:\/\/franklepsy.fr\/wp-content\/uploads\/2025\/09\/cropped-Capture-decran-2025-09-03-a-10.46.33.png\" class=\"wp-image-1697 style-422-image style-local-174-c11-image\" alt=\"\" srcset=\"https:\/\/franklepsy.fr\/wp-content\/uploads\/2025\/09\/cropped-Capture-decran-2025-09-03-a-10.46.33.png 626w, https:\/\/franklepsy.fr\/wp-content\/uploads\/2025\/09\/cropped-Capture-decran-2025-09-03-a-10.46.33-300x300.png 300w, https:\/\/franklepsy.fr\/wp-content\/uploads\/2025\/09\/cropped-Capture-decran-2025-09-03-a-10.46.33-150x150.png 150w\" sizes=\"auto, (max-width: 626px) 100vw, 626px\" \/>\n                      <div class=\"h-image__frame h-hide-sm style-422-frameImage style-local-174-c11-frameImage\"><\/div>\n                    <\/div>\n                  <\/div>\n                <\/div>\n              <\/div>\n            <\/div>\n          <\/div>\n        <\/div>\n      <\/div>\n    <\/div>\n  <\/div>\n  <div data-colibri-component=\"section\" data-colibri-id=\"174-c12\" id=\"about-2\" class=\"h-section h-section-global-spacing d-flex align-items-lg-center align-items-md-center align-items-center style-618 style-local-174-c12 position-relative\">\n    <!---->\n    <!---->\n    <div class=\"h-section-grid-container h-section-boxed-container\">\n      <!---->\n      <div data-colibri-id=\"174-c13\" class=\"h-row-container gutters-row-lg-2 gutters-row-md-2 gutters-row-2 gutters-row-v-lg-2 gutters-row-v-md-2 gutters-row-v-2 style-619 style-local-174-c13 position-relative\">\n        <!---->\n        <div class=\"h-row justify-content-lg-center justify-content-md-center justify-content-center align-items-lg-stretch align-items-md-stretch align-items-stretch gutters-col-lg-2 gutters-col-md-2 gutters-col-2 gutters-col-v-lg-2 gutters-col-v-md-2 gutters-col-v-2\">\n          <!---->\n          <div class=\"h-column h-column-container d-flex h-col-lg-auto h-col-md-auto h-col-auto style-620-outer style-local-174-c14-outer\">\n            <div data-colibri-id=\"174-c14\" class=\"d-flex h-flex-basis h-column__inner h-px-lg-2 h-px-md-2 h-px-2 v-inner-lg-2 v-inner-md-2 v-inner-2 style-620 style-local-174-c14 position-relative\">\n              <!---->\n              <!---->\n              <div class=\"w-100 h-y-container h-column__content h-column__v-align flex-basis-100 align-self-lg-center align-self-md-center align-self-center\">\n                <!---->\n                <div data-colibri-id=\"174-c15\" class=\"h-global-transition-all h-heading style-622 style-local-174-c15 position-relative h-element\">\n                  <!---->\n                  <div class=\"h-heading__outer style-622 style-local-174-c15\">\n                    <!---->\n                    <!---->\n                    <h2 class=\"\">Un peu de contenu interessant.<\/h2>\n                  <\/div>\n                <\/div>\n                <div data-colibri-id=\"174-c16\" class=\"h-text h-text-component style-623 style-local-174-c16 position-relative h-element\">\n                  <!---->\n                  <!---->\n                  <div class=\"\">\n                    <p>Je poste ici un article sur le sujet qui me parait correspondre \u00e0 une bonne analyse de ce que doit \u00eatre l&rsquo;approche repr\u00e9sentative et symbolique du paiement d&rsquo;une consultation et une vid\u00e9o extraite du film \u00ab\u00a0Mortel Transfert\u00a0\u00bb avec Jean\n                      Hugues Anglade &amp; Miki Manojlovi\u0107.<\/p>\n                  <\/div>\n                <\/div>\n                <div data-colibri-id=\"174-c17\" class=\"h-x-container style-624 style-local-174-c17 position-relative h-element\">\n                  <!---->\n                  <div class=\"h-x-container-inner style-dynamic-174-c17-group style-624-spacing style-local-174-c17-spacing\"><span class=\"h-button__outer style-625-outer style-local-174-c18-outer d-inline-flex h-element\"><a h-use-smooth-scroll=\"true\" href=\"https:\/\/www.ouardaferlicot.fr\/blog\/articles\/pourquoi-les-seances-chez-un-psychanalyste-ne-sont-pas-facturables#:~:text=Chez%20le%20psychanalyste%2C%20les%20s\u00e9ances,facture%2C%20ni%20d'attestation.\"  data-colibri-id=\"174-c18\" class=\"d-flex w-100 align-items-center h-button justify-content-lg-center justify-content-md-center justify-content-center style-625 style-local-174-c18 position-relative\"><!----><!----> <span>Article sur le sujet<\/span><\/a>\n                    <\/span><span class=\"h-button__outer style-628-outer style-local-174-c19-outer d-inline-flex h-element\"><a h-use-smooth-scroll=\"true\" href=\"https:\/\/youtu.be\/DXBwO5Y1ciQ?si=gxYx4i6VDMTCfLsP\"  data-colibri-id=\"174-c19\" class=\"d-flex w-100 align-items-center h-button justify-content-lg-center justify-content-md-center justify-content-center style-628 style-local-174-c19 position-relative\"><!----><!----> <span>Vid\u00e9o sur le sujet<\/span><\/a>\n                    <\/span>\n                  <\/div>\n                <\/div>\n              <\/div>\n            <\/div>\n          <\/div>\n          <div class=\"h-column h-column-container d-flex h-col-lg-auto h-col-md-auto h-col-auto style-626-outer style-local-174-c20-outer\">\n            <div data-colibri-id=\"174-c20\" class=\"d-flex h-flex-basis h-column__inner h-px-lg-2 h-px-md-2 h-px-2 v-inner-lg-2 v-inner-md-2 v-inner-2 style-626 style-local-174-c20 position-relative\">\n              <!---->\n              <!---->\n              <div class=\"w-100 h-y-container h-column__content h-column__v-align flex-basis-100 align-self-lg-center align-self-md-center align-self-center\">\n                <!---->\n                <div data-colibri-id=\"174-c21\" class=\"d-block style-627 style-local-174-c21 position-relative h-element\">\n                  <!---->\n                  <div class=\"h-image__frame-container-outer\">\n                    <div class=\"h-image__frame-container\">\n                      <!---->\n                      <!---->\n                      <img loading=\"lazy\" decoding=\"async\" width=\"1538\" height=\"1538\" src=\"https:\/\/franklepsy.fr\/wp-content\/uploads\/2025\/10\/cropped-Capture-decran-2025-10-12-a-10.35.56-scaled-1.png\" class=\"wp-image-2488 style-627-image style-local-174-c21-image\" alt=\"\" srcset=\"https:\/\/franklepsy.fr\/wp-content\/uploads\/2025\/10\/cropped-Capture-decran-2025-10-12-a-10.35.56-scaled-1.png 1538w, https:\/\/franklepsy.fr\/wp-content\/uploads\/2025\/10\/cropped-Capture-decran-2025-10-12-a-10.35.56-scaled-1-300x300.png 300w, https:\/\/franklepsy.fr\/wp-content\/uploads\/2025\/10\/cropped-Capture-decran-2025-10-12-a-10.35.56-scaled-1-1024x1024.png 1024w, https:\/\/franklepsy.fr\/wp-content\/uploads\/2025\/10\/cropped-Capture-decran-2025-10-12-a-10.35.56-scaled-1-150x150.png 150w, https:\/\/franklepsy.fr\/wp-content\/uploads\/2025\/10\/cropped-Capture-decran-2025-10-12-a-10.35.56-scaled-1-768x768.png 768w, https:\/\/franklepsy.fr\/wp-content\/uploads\/2025\/10\/cropped-Capture-decran-2025-10-12-a-10.35.56-scaled-1-1536x1536.png 1536w\" sizes=\"auto, (max-width: 1538px) 100vw, 1538px\" \/>\n                      <div class=\"h-image__frame h-hide-sm style-627-frameImage style-local-174-c21-frameImage\"><\/div>\n                    <\/div>\n                  <\/div>\n                <\/div>\n              <\/div>\n            <\/div>\n          <\/div>\n        <\/div>\n      <\/div>\n    <\/div>\n  <\/div>\n<\/div>","protected":false},"excerpt":{"rendered":"<p>Les tarifs Tarifs des diff\u00e9rentes consultations : &nbsp;Les consultations individuelles ont une dur\u00e9e [&hellip;]<\/p>\n","protected":false},"author":1,"featured_media":1697,"parent":0,"menu_order":4,"comment_status":"closed","ping_status":"closed","template":"page-templates\/full-width-page.php","meta":{"footnotes":""},"class_list":["post-174","page","type-page","status-publish","has-post-thumbnail","hentry"],"yoast_head":"<!-- This site is optimized with the Yoast SEO plugin v27.3 - https:\/\/yoast.com\/product\/yoast-seo-wordpress\/ -->\n<title>Tarifs Psy Montauban - Frank le psy - 06 52 25 51 16<\/title>\n<meta name=\"description\" content=\"Tarifs psychologue Montauban : Consultations group\u00e9es (th\u00e9rapie de groupe). En cabinet. En t\u00e9l\u00e9consultation et \u00e0 domicile.\" \/>\n<meta name=\"robots\" content=\"index, follow, max-snippet:-1, max-image-preview:large, max-video-preview:-1\" \/>\n<link rel=\"canonical\" href=\"https:\/\/franklepsy.fr\/?page_id=174\" \/>\n<meta property=\"og:locale\" content=\"fr_FR\" \/>\n<meta property=\"og:type\" content=\"article\" \/>\n<meta property=\"og:title\" content=\"Tarifs Psy Montauban - Frank le psy - 06 52 25 51 16\" \/>\n<meta property=\"og:description\" content=\"Tarifs psychologue Montauban : Consultations group\u00e9es (th\u00e9rapie de groupe). En cabinet. En t\u00e9l\u00e9consultation et \u00e0 domicile.\" \/>\n<meta property=\"og:url\" content=\"https:\/\/franklepsy.fr\/?page_id=174\" \/>\n<meta property=\"og:site_name\" content=\"Frank Le psy 06.52.25.51.16\" \/>\n<meta property=\"article:publisher\" content=\"https:\/\/www.facebook.com\/people\/Frank-Saez-Immobilier\/100084849905520\/\" \/>\n<meta property=\"article:modified_time\" content=\"2026-02-24T09:58:19+00:00\" \/>\n<meta property=\"og:image\" content=\"https:\/\/franklepsy.fr\/wp-content\/uploads\/2025\/09\/cropped-Capture-decran-2025-09-03-a-10.46.33.png\" \/>\n\t<meta property=\"og:image:width\" content=\"626\" \/>\n\t<meta property=\"og:image:height\" content=\"626\" \/>\n\t<meta property=\"og:image:type\" content=\"image\/png\" \/>\n<meta name=\"twitter:card\" content=\"summary_large_image\" \/>\n<meta name=\"twitter:label1\" content=\"Dur\u00e9e de lecture estim\u00e9e\" \/>\n\t<meta name=\"twitter:data1\" content=\"2 minutes\" \/>\n<script type=\"application\/ld+json\" class=\"yoast-schema-graph\">{\"@context\":\"https:\\\/\\\/schema.org\",\"@graph\":[{\"@type\":\"WebPage\",\"@id\":\"https:\\\/\\\/franklepsy.fr\\\/?page_id=174\",\"url\":\"https:\\\/\\\/franklepsy.fr\\\/?page_id=174\",\"name\":\"Tarifs Psy Montauban - Frank le psy - 06 52 25 51 16\",\"isPartOf\":{\"@id\":\"https:\\\/\\\/franklepsy.fr\\\/#website\"},\"primaryImageOfPage\":{\"@id\":\"https:\\\/\\\/franklepsy.fr\\\/?page_id=174#primaryimage\"},\"image\":{\"@id\":\"https:\\\/\\\/franklepsy.fr\\\/?page_id=174#primaryimage\"},\"thumbnailUrl\":\"https:\\\/\\\/franklepsy.fr\\\/wp-content\\\/uploads\\\/2025\\\/09\\\/cropped-Capture-decran-2025-09-03-a-10.46.33.png\",\"datePublished\":\"2022-10-25T07:13:28+00:00\",\"dateModified\":\"2026-02-24T09:58:19+00:00\",\"description\":\"Tarifs psychologue Montauban : Consultations group\u00e9es (th\u00e9rapie de groupe). En cabinet. En t\u00e9l\u00e9consultation et \u00e0 domicile.\",\"breadcrumb\":{\"@id\":\"https:\\\/\\\/franklepsy.fr\\\/?page_id=174#breadcrumb\"},\"inLanguage\":\"fr-FR\",\"potentialAction\":[{\"@type\":\"ReadAction\",\"target\":[\"https:\\\/\\\/franklepsy.fr\\\/?page_id=174\"]}]},{\"@type\":\"ImageObject\",\"inLanguage\":\"fr-FR\",\"@id\":\"https:\\\/\\\/franklepsy.fr\\\/?page_id=174#primaryimage\",\"url\":\"https:\\\/\\\/franklepsy.fr\\\/wp-content\\\/uploads\\\/2025\\\/09\\\/cropped-Capture-decran-2025-09-03-a-10.46.33.png\",\"contentUrl\":\"https:\\\/\\\/franklepsy.fr\\\/wp-content\\\/uploads\\\/2025\\\/09\\\/cropped-Capture-decran-2025-09-03-a-10.46.33.png\",\"width\":626,\"height\":626},{\"@type\":\"BreadcrumbList\",\"@id\":\"https:\\\/\\\/franklepsy.fr\\\/?page_id=174#breadcrumb\",\"itemListElement\":[{\"@type\":\"ListItem\",\"position\":1,\"name\":\"Accueil\",\"item\":\"https:\\\/\\\/franklepsy.fr\\\/\"},{\"@type\":\"ListItem\",\"position\":2,\"name\":\"Tarifs\"}]},{\"@type\":\"WebSite\",\"@id\":\"https:\\\/\\\/franklepsy.fr\\\/#website\",\"url\":\"https:\\\/\\\/franklepsy.fr\\\/\",\"name\":\"Frank Le psy 06.52.25.51.16\",\"description\":\"\",\"publisher\":{\"@id\":\"https:\\\/\\\/franklepsy.fr\\\/#organization\"},\"potentialAction\":[{\"@type\":\"SearchAction\",\"target\":{\"@type\":\"EntryPoint\",\"urlTemplate\":\"https:\\\/\\\/franklepsy.fr\\\/?s={search_term_string}\"},\"query-input\":{\"@type\":\"PropertyValueSpecification\",\"valueRequired\":true,\"valueName\":\"search_term_string\"}}],\"inLanguage\":\"fr-FR\"},{\"@type\":\"Organization\",\"@id\":\"https:\\\/\\\/franklepsy.fr\\\/#organization\",\"name\":\"Frank Le psy 06.52.25.51.16\",\"url\":\"https:\\\/\\\/franklepsy.fr\\\/\",\"logo\":{\"@type\":\"ImageObject\",\"inLanguage\":\"fr-FR\",\"@id\":\"https:\\\/\\\/franklepsy.fr\\\/#\\\/schema\\\/logo\\\/image\\\/\",\"url\":\"https:\\\/\\\/franklepsy.fr\\\/wp-content\\\/uploads\\\/2025\\\/11\\\/cropped-caducee.png-Photoroom.png\",\"contentUrl\":\"https:\\\/\\\/franklepsy.fr\\\/wp-content\\\/uploads\\\/2025\\\/11\\\/cropped-caducee.png-Photoroom.png\",\"width\":512,\"height\":512,\"caption\":\"Frank Le psy  06.52.25.51.16\"},\"image\":{\"@id\":\"https:\\\/\\\/franklepsy.fr\\\/#\\\/schema\\\/logo\\\/image\\\/\"},\"sameAs\":[\"https:\\\/\\\/www.facebook.com\\\/people\\\/Frank-Saez-Immobilier\\\/100084849905520\\\/\",\"https:\\\/\\\/www.youtube.com\\\/channel\\\/UC9syPaFp41fQ6nfFjzMEnIg\"]}]}<\/script>\n<!-- \/ Yoast SEO plugin. -->","yoast_head_json":{"title":"Tarifs Psy Montauban - Frank le psy - 06 52 25 51 16","description":"Tarifs psychologue Montauban : Consultations group\u00e9es (th\u00e9rapie de groupe). En cabinet. En t\u00e9l\u00e9consultation et \u00e0 domicile.","robots":{"index":"index","follow":"follow","max-snippet":"max-snippet:-1","max-image-preview":"max-image-preview:large","max-video-preview":"max-video-preview:-1"},"canonical":"https:\/\/franklepsy.fr\/?page_id=174","og_locale":"fr_FR","og_type":"article","og_title":"Tarifs Psy Montauban - Frank le psy - 06 52 25 51 16","og_description":"Tarifs psychologue Montauban : Consultations group\u00e9es (th\u00e9rapie de groupe). En cabinet. En t\u00e9l\u00e9consultation et \u00e0 domicile.","og_url":"https:\/\/franklepsy.fr\/?page_id=174","og_site_name":"Frank Le psy 06.52.25.51.16","article_publisher":"https:\/\/www.facebook.com\/people\/Frank-Saez-Immobilier\/100084849905520\/","article_modified_time":"2026-02-24T09:58:19+00:00","og_image":[{"width":626,"height":626,"url":"https:\/\/franklepsy.fr\/wp-content\/uploads\/2025\/09\/cropped-Capture-decran-2025-09-03-a-10.46.33.png","type":"image\/png"}],"twitter_card":"summary_large_image","twitter_misc":{"Dur\u00e9e de lecture estim\u00e9e":"2 minutes"},"schema":{"@context":"https:\/\/schema.org","@graph":[{"@type":"WebPage","@id":"https:\/\/franklepsy.fr\/?page_id=174","url":"https:\/\/franklepsy.fr\/?page_id=174","name":"Tarifs Psy Montauban - Frank le psy - 06 52 25 51 16","isPartOf":{"@id":"https:\/\/franklepsy.fr\/#website"},"primaryImageOfPage":{"@id":"https:\/\/franklepsy.fr\/?page_id=174#primaryimage"},"image":{"@id":"https:\/\/franklepsy.fr\/?page_id=174#primaryimage"},"thumbnailUrl":"https:\/\/franklepsy.fr\/wp-content\/uploads\/2025\/09\/cropped-Capture-decran-2025-09-03-a-10.46.33.png","datePublished":"2022-10-25T07:13:28+00:00","dateModified":"2026-02-24T09:58:19+00:00","description":"Tarifs psychologue Montauban : Consultations group\u00e9es (th\u00e9rapie de groupe). En cabinet. En t\u00e9l\u00e9consultation et \u00e0 domicile.","breadcrumb":{"@id":"https:\/\/franklepsy.fr\/?page_id=174#breadcrumb"},"inLanguage":"fr-FR","potentialAction":[{"@type":"ReadAction","target":["https:\/\/franklepsy.fr\/?page_id=174"]}]},{"@type":"ImageObject","inLanguage":"fr-FR","@id":"https:\/\/franklepsy.fr\/?page_id=174#primaryimage","url":"https:\/\/franklepsy.fr\/wp-content\/uploads\/2025\/09\/cropped-Capture-decran-2025-09-03-a-10.46.33.png","contentUrl":"https:\/\/franklepsy.fr\/wp-content\/uploads\/2025\/09\/cropped-Capture-decran-2025-09-03-a-10.46.33.png","width":626,"height":626},{"@type":"BreadcrumbList","@id":"https:\/\/franklepsy.fr\/?page_id=174#breadcrumb","itemListElement":[{"@type":"ListItem","position":1,"name":"Accueil","item":"https:\/\/franklepsy.fr\/"},{"@type":"ListItem","position":2,"name":"Tarifs"}]},{"@type":"WebSite","@id":"https:\/\/franklepsy.fr\/#website","url":"https:\/\/franklepsy.fr\/","name":"Frank Le psy 06.52.25.51.16","description":"","publisher":{"@id":"https:\/\/franklepsy.fr\/#organization"},"potentialAction":[{"@type":"SearchAction","target":{"@type":"EntryPoint","urlTemplate":"https:\/\/franklepsy.fr\/?s={search_term_string}"},"query-input":{"@type":"PropertyValueSpecification","valueRequired":true,"valueName":"search_term_string"}}],"inLanguage":"fr-FR"},{"@type":"Organization","@id":"https:\/\/franklepsy.fr\/#organization","name":"Frank Le psy 06.52.25.51.16","url":"https:\/\/franklepsy.fr\/","logo":{"@type":"ImageObject","inLanguage":"fr-FR","@id":"https:\/\/franklepsy.fr\/#\/schema\/logo\/image\/","url":"https:\/\/franklepsy.fr\/wp-content\/uploads\/2025\/11\/cropped-caducee.png-Photoroom.png","contentUrl":"https:\/\/franklepsy.fr\/wp-content\/uploads\/2025\/11\/cropped-caducee.png-Photoroom.png","width":512,"height":512,"caption":"Frank Le psy  06.52.25.51.16"},"image":{"@id":"https:\/\/franklepsy.fr\/#\/schema\/logo\/image\/"},"sameAs":["https:\/\/www.facebook.com\/people\/Frank-Saez-Immobilier\/100084849905520\/","https:\/\/www.youtube.com\/channel\/UC9syPaFp41fQ6nfFjzMEnIg"]}]}},"_links":{"self":[{"href":"https:\/\/franklepsy.fr\/index.php?rest_route=\/wp\/v2\/pages\/174","targetHints":{"allow":["GET"]}}],"collection":[{"href":"https:\/\/franklepsy.fr\/index.php?rest_route=\/wp\/v2\/pages"}],"about":[{"href":"https:\/\/franklepsy.fr\/index.php?rest_route=\/wp\/v2\/types\/page"}],"author":[{"embeddable":true,"href":"https:\/\/franklepsy.fr\/index.php?rest_route=\/wp\/v2\/users\/1"}],"replies":[{"embeddable":true,"href":"https:\/\/franklepsy.fr\/index.php?rest_route=%2Fwp%2Fv2%2Fcomments&post=174"}],"version-history":[{"count":21,"href":"https:\/\/franklepsy.fr\/index.php?rest_route=\/wp\/v2\/pages\/174\/revisions"}],"predecessor-version":[{"id":4245,"href":"https:\/\/franklepsy.fr\/index.php?rest_route=\/wp\/v2\/pages\/174\/revisions\/4245"}],"wp:featuredmedia":[{"embeddable":true,"href":"https:\/\/franklepsy.fr\/index.php?rest_route=\/wp\/v2\/media\/1697"}],"wp:attachment":[{"href":"https:\/\/franklepsy.fr\/index.php?rest_route=%2Fwp%2Fv2%2Fmedia&parent=174"}],"curies":[{"name":"wp","href":"https:\/\/api.w.org\/{rel}","templated":true}]}}