{"id":965,"date":"2025-08-17T10:06:38","date_gmt":"2025-08-17T08:06:38","guid":{"rendered":"https:\/\/franksaez.immo\/?page_id=965"},"modified":"2025-10-12T09:06:01","modified_gmt":"2025-10-12T07:06:01","slug":"formulaire-de-contact-psy","status":"publish","type":"page","link":"https:\/\/franklepsy.fr\/?page_id=965","title":{"rendered":"Formulaire de contact"},"content":{"rendered":"\n<p>Formulaire de Contact<\/p>\n\n\n<div class=\"frm_forms  with_frm_style frm_style_style-formidable\" id=\"frm_form_3_container\" data-token=\"74af82c4f016d4f59dc36396794878ec\">\n<form enctype=\"multipart\/form-data\" method=\"post\" class=\"frm-show-form \" id=\"form_contact-us\" data-token=\"74af82c4f016d4f59dc36396794878ec\">\n<div class=\"frm_form_fields \">\n<fieldset>\n<legend class=\"frm_screen_reader\">Contactez-moi ici<\/legend>\r\n\r\n<div class=\"frm_fields_container\">\n<input type=\"hidden\" name=\"frm_action\" value=\"create\" \/>\n<input type=\"hidden\" name=\"form_id\" value=\"3\" \/>\n<input type=\"hidden\" name=\"frm_hide_fields_3\" id=\"frm_hide_fields_3\" value=\"\" \/>\n<input type=\"hidden\" name=\"form_key\" value=\"contact-us\" \/>\n<input type=\"hidden\" name=\"item_meta[0]\" value=\"\" \/>\n<input type=\"hidden\" id=\"frm_submit_entry_3\" name=\"frm_submit_entry_3\" value=\"34e2fc5e04\" \/><input type=\"hidden\" name=\"_wp_http_referer\" value=\"\/index.php?rest_route=%2Fwp%2Fv2%2Fpages%2F965\" \/><div id=\"frm_field_14_container\" class=\"frm_form_field form-field  frm_required_field frm_top_container frm_first frm_half\">\r\n    <label for=\"field_qh4icy2\" class=\"frm_primary_label\">Nom\r\n        <span class=\"frm_required\">*<\/span>\r\n    <\/label>\r\n    <input type=\"text\" id=\"field_qh4icy2\" name=\"item_meta[14]\" value=\"\"  data-reqmsg=\"Nom cannot be blank.\" aria-required=\"true\" data-invmsg=\"Nom est non valide\" aria-invalid=\"false\"   aria-describedby=\"frm_desc_field_qh4icy2\"\/>\r\n    <div class=\"frm_description\" id=\"frm_desc_field_qh4icy2\">First<\/div>\r\n    \r\n<\/div>\n<div id=\"frm_field_15_container\" class=\"frm_form_field form-field  frm_required_field frm_hidden_container frm_half\">\r\n    <label for=\"field_ocfup12\" class=\"frm_primary_label\">Pr\u00e9nom\r\n        <span class=\"frm_required\">*<\/span>\r\n    <\/label>\r\n    <input type=\"text\" id=\"field_ocfup12\" name=\"item_meta[15]\" value=\"\"  data-reqmsg=\"Pr\u00e9nom cannot be blank.\" aria-required=\"true\" data-invmsg=\"Pr\u00e9nom est non valide\" aria-invalid=\"false\"   aria-describedby=\"frm_desc_field_ocfup12\"\/>\r\n    <div class=\"frm_description\" id=\"frm_desc_field_ocfup12\">Last<\/div>\r\n    \r\n<\/div>\n<div id=\"frm_field_16_container\" class=\"frm_form_field form-field  frm_required_field frm_top_container frm_full\">\r\n    <label for=\"field_29yf4d2\" class=\"frm_primary_label\">Email\r\n        <span class=\"frm_required\">*<\/span>\r\n    <\/label>\r\n    <input type=\"email\" id=\"field_29yf4d2\" name=\"item_meta[16]\" value=\"\"  data-reqmsg=\"Email cannot be blank.\" aria-required=\"true\" data-invmsg=\"Please enter a valid email address\" aria-invalid=\"false\"  \/>\r\n    \r\n    \r\n<\/div>\n<div id=\"frm_field_17_container\" class=\"frm_form_field form-field  frm_required_field frm_top_container frm_full\">\r\n    <label for=\"field_e6lis62\" class=\"frm_primary_label\">Titre\r\n        <span class=\"frm_required\">*<\/span>\r\n    <\/label>\r\n    <input type=\"text\" id=\"field_e6lis62\" name=\"item_meta[17]\" value=\"\"  data-reqmsg=\"Titre cannot be blank.\" aria-required=\"true\" data-invmsg=\"Titre est non valide\" aria-invalid=\"false\"  \/>\r\n    \r\n    \r\n<\/div>\n<div id=\"frm_field_18_container\" class=\"frm_form_field form-field  frm_required_field frm_top_container frm_full\">\r\n    <label for=\"field_9jv0r12\" class=\"frm_primary_label\">Message\r\n        <span class=\"frm_required\">*<\/span>\r\n    <\/label>\r\n    <textarea name=\"item_meta[18]\" id=\"field_9jv0r12\" rows=\"5\"  data-reqmsg=\"Message cannot be blank.\" aria-required=\"true\" data-invmsg=\"Message est non valide\" aria-invalid=\"false\"  ><\/textarea>\r\n    \r\n    \r\n<\/div>\n<div id=\"frm_field_20_container\" class=\"frm_form_field form-field  frm_top_container\">\r\n\t<label for=\"field_2dbqe\" id=\"field_2dbqe_label\" class=\"frm_primary_label\">T\u00e9l\u00e9phone\r\n\t\t<span class=\"frm_required\" aria-hidden=\"true\"><\/span>\r\n\t<\/label>\r\n\t<input type=\"tel\" id=\"field_2dbqe\" name=\"item_meta[20]\" value=\"\"  data-invmsg=\"T\u00e9l\u00e9phone est non valide\" aria-invalid=\"false\" pattern=\"((\\+\\d{1,3}(-|.| )?\\(?\\d\\)?(-| |.)?\\d{1,5})|(\\(?\\d{2,6}\\)?))(-|.| )?(\\d{3,4})(-|.| )?(\\d{4})(( x| ext)\\d{1,5}){0,1}$\"  \/>\r\n\t\r\n\t\r\n<\/div>\n<div id=\"frm_field_19_container\" class=\"frm_form_field form-field \">\r\n\t<div class=\"frm_submit\">\r\n\r\n<button class=\"frm_button_submit\" type=\"submit\" >Submit<\/button>\r\n\r\n<\/div>\r\n<\/div>\n\t<input type=\"hidden\" name=\"item_key\" value=\"\" \/>\n\t\t\t<div id=\"frm_field_21_container\">\n\t\t\t<label for=\"field_qovop\" >\n\t\t\t\tSi vous \u00eates un humain, ne remplissez pas ce champ.\t\t\t<\/label>\n\t\t\t<input  id=\"field_qovop\" type=\"text\" class=\"frm_form_field form-field frm_verify\" name=\"item_meta[21]\" value=\"\"  \/>\n\t\t<\/div>\n\t\t<input name=\"frm_state\" type=\"hidden\" value=\"lZOQ7uKbjsnzYjW+hDv0KL1grFzHXGOL7aGXYPHMgCs=\" \/><\/div>\n<\/fieldset>\n<\/div>\n\n<\/form>\n<\/div>\n\n\n\n<p class=\"has-text-align-center has-x-large-font-size\">TEL : 06 52 25 51 16<\/p>\n\n\n\n<p>En remplissant se formulaire de contact, vous m&rsquo;autorisez \u00e0 communiquer avec vous v\u00eca la messagerie \u00e9lectronique (Mail). <\/p>\n\n\n\n<p>N&rsquo;h\u00e9sitez pas \u00e0 enter en contact avec moi directement par t\u00e9l\u00e9phone si le besoin s&rsquo;en fait ressentir. N&rsquo;attendez pas d&rsquo;arriver au point d&rsquo;urgence. Si je peux vous aider, je le ferais. Ne suis-je pas l\u00e0 pour \u00e7a?.<\/p>\n\n\n\n<p>Un v\u00e9ritable professionnel se doit de ne jamais \u00eatre dans le jugement. Vous pouvez me parler sans tabou et en toute confiance. Je suis soumis \u00e0 un code de d\u00e9ontologie strict que je respecte \u00e0 la lettre et au secret professionnel absolu.<\/p>\n\n\n\n<p>Resalib : <a href=\"https:\/\/www.resalib.fr\/praticien\/117260-frank-saez-psychanalyste-nohic\">https:\/\/www.resalib.fr\/praticien\/117260-frank-saez-psychanalyste-nohic<\/a><\/p>\n\n\n\n<p>Page d&rsquo;accueil : <a href=\"https:\/\/franklepsy.fr\/\">https:\/\/franklepsy.fr\/<\/a><\/p>\n\n\n\n<p><\/p>\n","protected":false},"excerpt":{"rendered":"<p>Formulaire de Contact TEL : 06 52 25 51 16 En remplissant se [&hellip;]<\/p>\n","protected":false},"author":1,"featured_media":978,"parent":0,"menu_order":0,"comment_status":"closed","ping_status":"closed","template":"","meta":{"footnotes":""},"class_list":["post-965","page","type-page","status-publish","has-post-thumbnail","hentry"],"yoast_head":"<!-- This site is optimized with the Yoast SEO plugin v27.3 - https:\/\/yoast.com\/product\/yoast-seo-wordpress\/ -->\n<title>Contact - Psychanalyste Montauban - Frank le psy 06 52 25 51 16.<\/title>\n<meta name=\"description\" content=\"Formulaire de contact. Pour tous renseignements, n&#039;h\u00e9sitez pas \u00e0 me contacter via le formulaire ou n&#039;h\u00e9sitez pas \u00e0 appeler directement.\" \/>\n<meta name=\"robots\" content=\"index, follow, max-snippet:-1, max-image-preview:large, max-video-preview:-1\" \/>\n<link rel=\"canonical\" href=\"https:\/\/franklepsy.fr\/?page_id=965\" \/>\n<meta property=\"og:locale\" content=\"fr_FR\" \/>\n<meta property=\"og:type\" content=\"article\" \/>\n<meta property=\"og:title\" content=\"Contact - Psychanalyste Montauban - Frank le psy 06 52 25 51 16.\" \/>\n<meta property=\"og:description\" content=\"Formulaire de contact. Pour tous renseignements, n&#039;h\u00e9sitez pas \u00e0 me contacter via le formulaire ou n&#039;h\u00e9sitez pas \u00e0 appeler directement.\" \/>\n<meta property=\"og:url\" content=\"https:\/\/franklepsy.fr\/?page_id=965\" \/>\n<meta property=\"og:site_name\" content=\"Frank Le psy 06.52.25.51.16\" \/>\n<meta property=\"article:publisher\" content=\"https:\/\/www.facebook.com\/people\/Frank-Saez-Immobilier\/100084849905520\/\" \/>\n<meta property=\"article:modified_time\" content=\"2025-10-12T07:06:01+00:00\" \/>\n<meta property=\"og:image\" content=\"https:\/\/franklepsy.fr\/wp-content\/uploads\/2025\/08\/colibri-image-144.png\" \/>\n\t<meta property=\"og:image:width\" content=\"1920\" \/>\n\t<meta property=\"og:image:height\" content=\"1280\" \/>\n\t<meta property=\"og:image:type\" content=\"image\/png\" \/>\n<meta name=\"twitter:card\" content=\"summary_large_image\" \/>\n<meta name=\"twitter:label1\" content=\"Dur\u00e9e de lecture estim\u00e9e\" \/>\n\t<meta name=\"twitter:data1\" content=\"1 minute\" \/>\n<script type=\"application\/ld+json\" class=\"yoast-schema-graph\">{\"@context\":\"https:\\\/\\\/schema.org\",\"@graph\":[{\"@type\":[\"WebPage\",\"ContactPage\"],\"@id\":\"https:\\\/\\\/franklepsy.fr\\\/?page_id=965\",\"url\":\"https:\\\/\\\/franklepsy.fr\\\/?page_id=965\",\"name\":\"Contact - Psychanalyste Montauban - Frank le psy 06 52 25 51 16.\",\"isPartOf\":{\"@id\":\"https:\\\/\\\/franklepsy.fr\\\/#website\"},\"primaryImageOfPage\":{\"@id\":\"https:\\\/\\\/franklepsy.fr\\\/?page_id=965#primaryimage\"},\"image\":{\"@id\":\"https:\\\/\\\/franklepsy.fr\\\/?page_id=965#primaryimage\"},\"thumbnailUrl\":\"https:\\\/\\\/franklepsy.fr\\\/wp-content\\\/uploads\\\/2025\\\/08\\\/colibri-image-144.png\",\"datePublished\":\"2025-08-17T08:06:38+00:00\",\"dateModified\":\"2025-10-12T07:06:01+00:00\",\"description\":\"Formulaire de contact. Pour tous renseignements, n'h\u00e9sitez pas \u00e0 me contacter via le formulaire ou n'h\u00e9sitez pas \u00e0 appeler directement.\",\"breadcrumb\":{\"@id\":\"https:\\\/\\\/franklepsy.fr\\\/?page_id=965#breadcrumb\"},\"inLanguage\":\"fr-FR\",\"potentialAction\":[{\"@type\":\"ReadAction\",\"target\":[\"https:\\\/\\\/franklepsy.fr\\\/?page_id=965\"]}]},{\"@type\":\"ImageObject\",\"inLanguage\":\"fr-FR\",\"@id\":\"https:\\\/\\\/franklepsy.fr\\\/?page_id=965#primaryimage\",\"url\":\"https:\\\/\\\/franklepsy.fr\\\/wp-content\\\/uploads\\\/2025\\\/08\\\/colibri-image-144.png\",\"contentUrl\":\"https:\\\/\\\/franklepsy.fr\\\/wp-content\\\/uploads\\\/2025\\\/08\\\/colibri-image-144.png\",\"width\":1920,\"height\":1280,\"caption\":\"Contact\"},{\"@type\":\"BreadcrumbList\",\"@id\":\"https:\\\/\\\/franklepsy.fr\\\/?page_id=965#breadcrumb\",\"itemListElement\":[{\"@type\":\"ListItem\",\"position\":1,\"name\":\"Accueil\",\"item\":\"https:\\\/\\\/franklepsy.fr\\\/\"},{\"@type\":\"ListItem\",\"position\":2,\"name\":\"Formulaire de contact\"}]},{\"@type\":\"WebSite\",\"@id\":\"https:\\\/\\\/franklepsy.fr\\\/#website\",\"url\":\"https:\\\/\\\/franklepsy.fr\\\/\",\"name\":\"Frank Le psy 06.52.25.51.16\",\"description\":\"\",\"publisher\":{\"@id\":\"https:\\\/\\\/franklepsy.fr\\\/#organization\"},\"potentialAction\":[{\"@type\":\"SearchAction\",\"target\":{\"@type\":\"EntryPoint\",\"urlTemplate\":\"https:\\\/\\\/franklepsy.fr\\\/?s={search_term_string}\"},\"query-input\":{\"@type\":\"PropertyValueSpecification\",\"valueRequired\":true,\"valueName\":\"search_term_string\"}}],\"inLanguage\":\"fr-FR\"},{\"@type\":\"Organization\",\"@id\":\"https:\\\/\\\/franklepsy.fr\\\/#organization\",\"name\":\"Frank Le psy 06.52.25.51.16\",\"url\":\"https:\\\/\\\/franklepsy.fr\\\/\",\"logo\":{\"@type\":\"ImageObject\",\"inLanguage\":\"fr-FR\",\"@id\":\"https:\\\/\\\/franklepsy.fr\\\/#\\\/schema\\\/logo\\\/image\\\/\",\"url\":\"https:\\\/\\\/franklepsy.fr\\\/wp-content\\\/uploads\\\/2025\\\/11\\\/cropped-caducee.png-Photoroom.png\",\"contentUrl\":\"https:\\\/\\\/franklepsy.fr\\\/wp-content\\\/uploads\\\/2025\\\/11\\\/cropped-caducee.png-Photoroom.png\",\"width\":512,\"height\":512,\"caption\":\"Frank Le psy  06.52.25.51.16\"},\"image\":{\"@id\":\"https:\\\/\\\/franklepsy.fr\\\/#\\\/schema\\\/logo\\\/image\\\/\"},\"sameAs\":[\"https:\\\/\\\/www.facebook.com\\\/people\\\/Frank-Saez-Immobilier\\\/100084849905520\\\/\",\"https:\\\/\\\/www.youtube.com\\\/channel\\\/UC9syPaFp41fQ6nfFjzMEnIg\"]}]}<\/script>\n<!-- \/ Yoast SEO plugin. -->","yoast_head_json":{"title":"Contact - Psychanalyste Montauban - Frank le psy 06 52 25 51 16.","description":"Formulaire de contact. Pour tous renseignements, n'h\u00e9sitez pas \u00e0 me contacter via le formulaire ou n'h\u00e9sitez pas \u00e0 appeler directement.","robots":{"index":"index","follow":"follow","max-snippet":"max-snippet:-1","max-image-preview":"max-image-preview:large","max-video-preview":"max-video-preview:-1"},"canonical":"https:\/\/franklepsy.fr\/?page_id=965","og_locale":"fr_FR","og_type":"article","og_title":"Contact - Psychanalyste Montauban - Frank le psy 06 52 25 51 16.","og_description":"Formulaire de contact. Pour tous renseignements, n'h\u00e9sitez pas \u00e0 me contacter via le formulaire ou n'h\u00e9sitez pas \u00e0 appeler directement.","og_url":"https:\/\/franklepsy.fr\/?page_id=965","og_site_name":"Frank Le psy 06.52.25.51.16","article_publisher":"https:\/\/www.facebook.com\/people\/Frank-Saez-Immobilier\/100084849905520\/","article_modified_time":"2025-10-12T07:06:01+00:00","og_image":[{"width":1920,"height":1280,"url":"https:\/\/franklepsy.fr\/wp-content\/uploads\/2025\/08\/colibri-image-144.png","type":"image\/png"}],"twitter_card":"summary_large_image","twitter_misc":{"Dur\u00e9e de lecture estim\u00e9e":"1 minute"},"schema":{"@context":"https:\/\/schema.org","@graph":[{"@type":["WebPage","ContactPage"],"@id":"https:\/\/franklepsy.fr\/?page_id=965","url":"https:\/\/franklepsy.fr\/?page_id=965","name":"Contact - Psychanalyste Montauban - Frank le psy 06 52 25 51 16.","isPartOf":{"@id":"https:\/\/franklepsy.fr\/#website"},"primaryImageOfPage":{"@id":"https:\/\/franklepsy.fr\/?page_id=965#primaryimage"},"image":{"@id":"https:\/\/franklepsy.fr\/?page_id=965#primaryimage"},"thumbnailUrl":"https:\/\/franklepsy.fr\/wp-content\/uploads\/2025\/08\/colibri-image-144.png","datePublished":"2025-08-17T08:06:38+00:00","dateModified":"2025-10-12T07:06:01+00:00","description":"Formulaire de contact. Pour tous renseignements, n'h\u00e9sitez pas \u00e0 me contacter via le formulaire ou n'h\u00e9sitez pas \u00e0 appeler directement.","breadcrumb":{"@id":"https:\/\/franklepsy.fr\/?page_id=965#breadcrumb"},"inLanguage":"fr-FR","potentialAction":[{"@type":"ReadAction","target":["https:\/\/franklepsy.fr\/?page_id=965"]}]},{"@type":"ImageObject","inLanguage":"fr-FR","@id":"https:\/\/franklepsy.fr\/?page_id=965#primaryimage","url":"https:\/\/franklepsy.fr\/wp-content\/uploads\/2025\/08\/colibri-image-144.png","contentUrl":"https:\/\/franklepsy.fr\/wp-content\/uploads\/2025\/08\/colibri-image-144.png","width":1920,"height":1280,"caption":"Contact"},{"@type":"BreadcrumbList","@id":"https:\/\/franklepsy.fr\/?page_id=965#breadcrumb","itemListElement":[{"@type":"ListItem","position":1,"name":"Accueil","item":"https:\/\/franklepsy.fr\/"},{"@type":"ListItem","position":2,"name":"Formulaire de contact"}]},{"@type":"WebSite","@id":"https:\/\/franklepsy.fr\/#website","url":"https:\/\/franklepsy.fr\/","name":"Frank Le psy 06.52.25.51.16","description":"","publisher":{"@id":"https:\/\/franklepsy.fr\/#organization"},"potentialAction":[{"@type":"SearchAction","target":{"@type":"EntryPoint","urlTemplate":"https:\/\/franklepsy.fr\/?s={search_term_string}"},"query-input":{"@type":"PropertyValueSpecification","valueRequired":true,"valueName":"search_term_string"}}],"inLanguage":"fr-FR"},{"@type":"Organization","@id":"https:\/\/franklepsy.fr\/#organization","name":"Frank Le psy 06.52.25.51.16","url":"https:\/\/franklepsy.fr\/","logo":{"@type":"ImageObject","inLanguage":"fr-FR","@id":"https:\/\/franklepsy.fr\/#\/schema\/logo\/image\/","url":"https:\/\/franklepsy.fr\/wp-content\/uploads\/2025\/11\/cropped-caducee.png-Photoroom.png","contentUrl":"https:\/\/franklepsy.fr\/wp-content\/uploads\/2025\/11\/cropped-caducee.png-Photoroom.png","width":512,"height":512,"caption":"Frank Le psy  06.52.25.51.16"},"image":{"@id":"https:\/\/franklepsy.fr\/#\/schema\/logo\/image\/"},"sameAs":["https:\/\/www.facebook.com\/people\/Frank-Saez-Immobilier\/100084849905520\/","https:\/\/www.youtube.com\/channel\/UC9syPaFp41fQ6nfFjzMEnIg"]}]}},"_links":{"self":[{"href":"https:\/\/franklepsy.fr\/index.php?rest_route=\/wp\/v2\/pages\/965","targetHints":{"allow":["GET"]}}],"collection":[{"href":"https:\/\/franklepsy.fr\/index.php?rest_route=\/wp\/v2\/pages"}],"about":[{"href":"https:\/\/franklepsy.fr\/index.php?rest_route=\/wp\/v2\/types\/page"}],"author":[{"embeddable":true,"href":"https:\/\/franklepsy.fr\/index.php?rest_route=\/wp\/v2\/users\/1"}],"replies":[{"embeddable":true,"href":"https:\/\/franklepsy.fr\/index.php?rest_route=%2Fwp%2Fv2%2Fcomments&post=965"}],"version-history":[{"count":4,"href":"https:\/\/franklepsy.fr\/index.php?rest_route=\/wp\/v2\/pages\/965\/revisions"}],"predecessor-version":[{"id":2454,"href":"https:\/\/franklepsy.fr\/index.php?rest_route=\/wp\/v2\/pages\/965\/revisions\/2454"}],"wp:featuredmedia":[{"embeddable":true,"href":"https:\/\/franklepsy.fr\/index.php?rest_route=\/wp\/v2\/media\/978"}],"wp:attachment":[{"href":"https:\/\/franklepsy.fr\/index.php?rest_route=%2Fwp%2Fv2%2Fmedia&parent=965"}],"curies":[{"name":"wp","href":"https:\/\/api.w.org\/{rel}","templated":true}]}}